{"id":174,"date":"2018-07-19T19:31:58","date_gmt":"2018-07-19T17:31:58","guid":{"rendered":"http:\/\/sportinschwerin.de\/?page_id=174"},"modified":"2018-07-19T19:31:58","modified_gmt":"2018-07-19T17:31:58","slug":"franzoesisch-ueber-uns","status":"publish","type":"page","link":"https:\/\/sportinschwerin.de\/?page_id=174","title":{"rendered":"Franz\u00f6sisch \u00dcber uns"},"content":{"rendered":"<p>Le sport est g\u00e9n\u00e9ralement consid\u00e9r\u00e9 comme un moteur d&#8217;int\u00e9gration. Il offre un espace pour des rencontres interpersonnelles et une unit\u00e9 sans retenue sur laquelle les pr\u00e9jug\u00e9s peuvent \u00eatre r\u00e9duits et l&#8217;int\u00e9gration peut \u00eatre organis\u00e9e. Les conditions dans lesquelles nos clubs de Schwerin organisent des sports changent au fur et \u00e0 mesure que la soci\u00e9t\u00e9 change. Des solutions cr\u00e9atives pour le d\u00e9veloppement du sport sont demand\u00e9es, bas\u00e9es sur les besoins et les ressources de nos semblables. Non seulement les diverses orientations culturelles de nos groupes cibles jouent un r\u00f4le d\u00e9cisif lorsque nous parlons de d\u00e9fis et d&#8217;opportunit\u00e9s.<br \/>\nEn coop\u00e9ration avec les associations de Schwerin, nous avons \u00e9crit sur l&#8217;ordre du jour pour rendre les sports de club attrayants dans ces conditions sociales changeantes et pour offrir aux gens dans le club une maison sociale. Le terme &#8222;int\u00e9gration&#8220; est l&#8217;accent ici. Nous comprenons qu&#8217;il s&#8217;agit d&#8217;un processus continu visant \u00e0 assurer la participation \u00e9gale et la participation de tous les membres de notre soci\u00e9t\u00e9 \u00e0 travers les diff\u00e9rences culturelles et sociales. Une int\u00e9gration r\u00e9ussie exige la volont\u00e9 et la coop\u00e9ration de toutes les parties concern\u00e9es.<\/p>\n","protected":false},"excerpt":{"rendered":"<p>Le sport est g\u00e9n\u00e9ralement consid\u00e9r\u00e9 comme un moteur d&#8217;int\u00e9gration. Il offre un espace pour des&#8230;<\/p>\n","protected":false},"author":1,"featured_media":0,"parent":0,"menu_order":0,"comment_status":"closed","ping_status":"closed","template":"","meta":{"footnotes":""},"class_list":["post-174","page","type-page","status-publish","hentry"],"_links":{"self":[{"href":"https:\/\/sportinschwerin.de\/index.php?rest_route=\/wp\/v2\/pages\/174","targetHints":{"allow":["GET"]}}],"collection":[{"href":"https:\/\/sportinschwerin.de\/index.php?rest_route=\/wp\/v2\/pages"}],"about":[{"href":"https:\/\/sportinschwerin.de\/index.php?rest_route=\/wp\/v2\/types\/page"}],"author":[{"embeddable":true,"href":"https:\/\/sportinschwerin.de\/index.php?rest_route=\/wp\/v2\/users\/1"}],"replies":[{"embeddable":true,"href":"https:\/\/sportinschwerin.de\/index.php?rest_route=%2Fwp%2Fv2%2Fcomments&post=174"}],"version-history":[{"count":1,"href":"https:\/\/sportinschwerin.de\/index.php?rest_route=\/wp\/v2\/pages\/174\/revisions"}],"predecessor-version":[{"id":175,"href":"https:\/\/sportinschwerin.de\/index.php?rest_route=\/wp\/v2\/pages\/174\/revisions\/175"}],"wp:attachment":[{"href":"https:\/\/sportinschwerin.de\/index.php?rest_route=%2Fwp%2Fv2%2Fmedia&parent=174"}],"curies":[{"name":"wp","href":"https:\/\/api.w.org\/{rel}","templated":true}]}}