{"id":2,"date":"2017-09-20T09:23:06","date_gmt":"2017-09-20T07:23:06","guid":{"rendered":"\/?page_id=2"},"modified":"2026-04-04T08:55:13","modified_gmt":"2026-04-04T06:55:13","slug":"beispiel-seite","status":"publish","type":"page","link":"https:\/\/sportinschwerin.de\/","title":{"rendered":"Herzlich Willkommen"},"content":{"rendered":"<p><em><strong>Herzlich Willkommen auf unserer Homepage<\/strong><\/em><\/p>\n<p>Der Vereinssport tr\u00e4gt entscheidend zu nachhaltiger Integration bei. Denn er besitzt die Kraft, Menschen durch Bewegung, Spiel und Spa\u00df einfach und kultur\u00fcbergreifend zusammenzubringen. Sportvereine in Schwerin setzen ein Zeichen f\u00fcr Willkommenskultur und Solidarit\u00e4t, indem sie auf Menschen &#8211; egal woher sie kommen &#8211; zugehen und sie in das Vereinsleben einbinden. Denn die Verantwortlichen wissen:<a href=\"https:\/\/integration.dosb.de\" target=\"_blank\" rel=\"noopener\"><img loading=\"lazy\" decoding=\"async\" class=\"alignright wp-image-702 size-medium\" src=\"https:\/\/sportinschwerin.de\/wp-content\/uploads\/2022\/11\/Stuetzpunktverein-180x300.png\" alt=\"\" width=\"180\" height=\"300\" \/><\/a><\/p>\n<ul>\n<li>Sport kann helfen, anzukommen, sich zu orientieren und willkommen zu f\u00fchlen.<\/li>\n<li>Sport schafft einen Ausgleich zu dem von Unsicherheit, Enge und Stress gepr\u00e4gten Alltag vieler.<\/li>\n<li>Durch Sport entstehen Begegnungen, Beteiligungsm\u00f6glichkeiten, Kontakte und Freundschaften, die auch au\u00dferhalb des Vereins weiterhelfen k\u00f6nnen. Informiert euch auf unserer Plattform \u00fcber die vielf\u00e4ltigen M\u00f6glichkeiten.<\/li>\n<\/ul>\n<p>Projekte innerhalb der\u00a0 Initiative werden unterst\u00fctzt durch den Europ\u00e4ischen Sozialfond und den DOSB.<\/p>\n<p><a href=\"https:\/\/www.esf.de\/portal\/DE\/Startseite\/inhalt.html\" target=\"_blank\" rel=\"noopener\"><img loading=\"lazy\" decoding=\"async\" class=\"alignnone wp-image-709 size-medium\" src=\"https:\/\/sportinschwerin.de\/wp-content\/uploads\/2022\/12\/ESF-300x256.jpg\" alt=\"\" width=\"300\" height=\"256\" srcset=\"https:\/\/sportinschwerin.de\/wp-content\/uploads\/2022\/12\/ESF-300x256.jpg 300w, https:\/\/sportinschwerin.de\/wp-content\/uploads\/2022\/12\/ESF.jpg 736w\" sizes=\"auto, (max-width: 300px) 100vw, 300px\" \/><\/a><\/p>\n<p>\u00dcbersetzung | Translate<\/p>\n<ul>\n<li><a href=\"https:\/\/sportinschwerin.de\/?page_id=194\" target=\"_blank\" rel=\"noopener\">Englisch<\/a>\u00a0 \u00a0 <a href=\"https:\/\/sportinschwerin.de\/?page_id=191\" target=\"_blank\" rel=\"noopener\">Russisch<\/a>\u00a0 \u00a0 <a href=\"https:\/\/sportinschwerin.de\/?page_id=187\" target=\"_blank\" rel=\"noopener\">Arabisch<\/a>\u00a0 \u00a0 <a href=\"https:\/\/sportinschwerin.de\/?page_id=184\" target=\"_blank\" rel=\"noopener\">Franz\u00f6sisch<\/a><\/li>\n<\/ul>\n","protected":false},"excerpt":{"rendered":"<p>Herzlich Willkommen auf unserer Homepage Der Vereinssport tr\u00e4gt entscheidend zu nachhaltiger Integration bei. Denn er&#8230;<\/p>\n","protected":false},"author":1,"featured_media":0,"parent":0,"menu_order":0,"comment_status":"closed","ping_status":"open","template":"","meta":{"footnotes":""},"class_list":["post-2","page","type-page","status-publish","hentry"],"_links":{"self":[{"href":"https:\/\/sportinschwerin.de\/index.php?rest_route=\/wp\/v2\/pages\/2","targetHints":{"allow":["GET"]}}],"collection":[{"href":"https:\/\/sportinschwerin.de\/index.php?rest_route=\/wp\/v2\/pages"}],"about":[{"href":"https:\/\/sportinschwerin.de\/index.php?rest_route=\/wp\/v2\/types\/page"}],"author":[{"embeddable":true,"href":"https:\/\/sportinschwerin.de\/index.php?rest_route=\/wp\/v2\/users\/1"}],"replies":[{"embeddable":true,"href":"https:\/\/sportinschwerin.de\/index.php?rest_route=%2Fwp%2Fv2%2Fcomments&post=2"}],"version-history":[{"count":40,"href":"https:\/\/sportinschwerin.de\/index.php?rest_route=\/wp\/v2\/pages\/2\/revisions"}],"predecessor-version":[{"id":712,"href":"https:\/\/sportinschwerin.de\/index.php?rest_route=\/wp\/v2\/pages\/2\/revisions\/712"}],"wp:attachment":[{"href":"https:\/\/sportinschwerin.de\/index.php?rest_route=%2Fwp%2Fv2%2Fmedia&parent=2"}],"curies":[{"name":"wp","href":"https:\/\/api.w.org\/{rel}","templated":true}]}}